{"id":95,"date":"2022-03-01T11:35:59","date_gmt":"2022-03-01T10:35:59","guid":{"rendered":"https:\/\/www.4itk.de\/shop\/?post_type=product&#038;p=95"},"modified":"2026-04-22T08:05:31","modified_gmt":"2026-04-22T06:05:31","slug":"bon-drucker","status":"publish","type":"product","link":"https:\/\/www.4itk.de\/shop\/produkt\/bon-drucker\/","title":{"rendered":"Bon-Drucker"},"content":{"rendered":"<p>Der neue G-Cube 100 ist ein Hochleistungs-Thermodrucker. Entwickelt, um auch in rauer Umgebung zuverl\u00e4ssig und schnell zu arbeiten. Geeignet f\u00fcr den Einsatz sowohl in der Gastronomie, als auch im Einzelhandel.<\/p>\n<p>Mit einer Druckgeschwindigkeit von 230 mm pro Sekunde und der M\u00f6glichkeit Barcodes, QR-Codes und Grafiken zu drucken, ist der G-Cube die perfekte Wahl f\u00fcr ihr Unternehmen. Er ist kompakt und dennoch solide und verf\u00fcgt \u00fcber benutzerfreundliche Funktionen wie eine patentierte Anti-Papierstau Technologie und eine wasserabweisende Oberfl\u00e4che. Das Einlegen der Kassenrolle ist dank Drop-In Technik denkbar einfach.<\/p>\n<p>Vielseitigkeit ist Trumpf. Der innovative G-Cube kann sowohl als Frontausgabe als auch als Top-Ausgabe eingesetzt werden. Er verf\u00fcgt \u00fcber eine USB-, eine Ethernet- und eine serielle Schnittstelle und ist dadurch praktisch \u00fcberall nahtlos anschlie\u00dfbar. Das LCD-Display informiert \u00fcber Fehler- und Bedienermeldungen und f\u00fchrt Sie durch Einrichtungs- und Optionseinstellungen.<\/p>\n","protected":false},"excerpt":{"rendered":"<ul>\n<li>Schneller Druck 230 mm pro Sekunde<\/li>\n<li>kleinste Standfl\u00e4che, nur 123 x 123 mm<\/li>\n<li>flexibles, modernes Design<\/li>\n<li>Front- oder Topausgabe<\/li>\n<li>Signalgeber eingebaut<\/li>\n<\/ul>\n","protected":false},"featured_media":91,"comment_status":"open","ping_status":"closed","template":"","meta":{"_et_pb_use_builder":"","_et_pb_old_content":"","_et_gb_content_width":""},"product_cat":[21],"product_tag":[],"class_list":["post-95","product","type-product","status-publish","has-post-thumbnail","hentry","product_cat-bon-drucker"],"_links":{"self":[{"href":"https:\/\/www.4itk.de\/shop\/wp-json\/wp\/v2\/product\/95","targetHints":{"allow":["GET"]}}],"collection":[{"href":"https:\/\/www.4itk.de\/shop\/wp-json\/wp\/v2\/product"}],"about":[{"href":"https:\/\/www.4itk.de\/shop\/wp-json\/wp\/v2\/types\/product"}],"replies":[{"embeddable":true,"href":"https:\/\/www.4itk.de\/shop\/wp-json\/wp\/v2\/comments?post=95"}],"wp:featuredmedia":[{"embeddable":true,"href":"https:\/\/www.4itk.de\/shop\/wp-json\/wp\/v2\/media\/91"}],"wp:attachment":[{"href":"https:\/\/www.4itk.de\/shop\/wp-json\/wp\/v2\/media?parent=95"}],"wp:term":[{"taxonomy":"product_cat","embeddable":true,"href":"https:\/\/www.4itk.de\/shop\/wp-json\/wp\/v2\/product_cat?post=95"},{"taxonomy":"product_tag","embeddable":true,"href":"https:\/\/www.4itk.de\/shop\/wp-json\/wp\/v2\/product_tag?post=95"}],"curies":[{"name":"wp","href":"https:\/\/api.w.org\/{rel}","templated":true}]}}