{"id":108,"date":"2022-03-01T14:41:35","date_gmt":"2022-03-01T13:41:35","guid":{"rendered":"https:\/\/www.4itk.de\/shop\/?post_type=product&#038;p=108"},"modified":"2023-05-04T12:14:42","modified_gmt":"2023-05-04T10:14:42","slug":"kasse-pro","status":"publish","type":"product","link":"https:\/\/www.4itk.de\/shop\/produkt\/kasse-pro\/","title":{"rendered":"Kasse Pro"},"content":{"rendered":"<p>Das Design leicht und formvollendet, die Leistung kr\u00e4ftig. Das\u00a0<em>FORZA<\/em> 115 POS-Terminal verleiht dem Kassenplatz neue Individualit\u00e4t und Freir\u00e4ume. Das brillante und rahmenlose 15\u201c Display sorgt f\u00fcr klaren Durchblick. Unterst\u00fctzt durch das reaktionsschnelle multitouchf\u00e4hige Touchpanel werden die Eingaben schnell verarbeitet.<\/p>\n<p>Doch nicht nur von au\u00dfen macht die\u00a0<em>FORZA<\/em> eine ausgesprochen gute Figur. Der energieeffiziente Celeron Prozessor (J1900) erledigt dank intelligenter \u201eLow Heat\u201c Systemarchitektur v\u00f6llig lautlos seine Arbeit. Die umfangreiche Ausstattung bei den Schnittstellen schafft gr\u00f6\u00dftm\u00f6gliche Flexibilit\u00e4t. Dank der vielen Optionen k\u00f6nnen auch spezifische Anforderungen erf\u00fcllt werden.<\/p>\n","protected":false},"excerpt":{"rendered":"<ul>\n<li>Energieeffizienter Intel Celeron J1900 Quadcore Prozessor mit max. 2,42 Ghz (im Burstmode)<\/li>\n<li>Lautloser, L\u00fcfterloser Betrieb durch intelligente &#8222;Low Heat&#8220; Architektur<\/li>\n<li>markantes, formsch\u00f6nes Design, platzsparend<\/li>\n<li>Brilliantes, rahmenloses Bedienerdisplay<\/li>\n<li>multitouchf\u00e4higes kapazitives Touchpanel, staub- und spritzwassergesch\u00fctzt<\/li>\n<li>Einfache Installation und schneller Service durch werkzeugfreien Zugang zu den Komponenten<\/li>\n<li>unterst\u00fctzt M.2 SSDs<\/li>\n<\/ul>\n","protected":false},"featured_media":106,"comment_status":"open","ping_status":"closed","template":"","meta":{"_et_pb_use_builder":"","_et_pb_old_content":"","_et_gb_content_width":""},"product_cat":[22],"product_tag":[],"class_list":["post-108","product","type-product","status-publish","has-post-thumbnail","hentry","product_cat-kasse-pro"],"_links":{"self":[{"href":"https:\/\/www.4itk.de\/shop\/wp-json\/wp\/v2\/product\/108","targetHints":{"allow":["GET"]}}],"collection":[{"href":"https:\/\/www.4itk.de\/shop\/wp-json\/wp\/v2\/product"}],"about":[{"href":"https:\/\/www.4itk.de\/shop\/wp-json\/wp\/v2\/types\/product"}],"replies":[{"embeddable":true,"href":"https:\/\/www.4itk.de\/shop\/wp-json\/wp\/v2\/comments?post=108"}],"wp:featuredmedia":[{"embeddable":true,"href":"https:\/\/www.4itk.de\/shop\/wp-json\/wp\/v2\/media\/106"}],"wp:attachment":[{"href":"https:\/\/www.4itk.de\/shop\/wp-json\/wp\/v2\/media?parent=108"}],"wp:term":[{"taxonomy":"product_cat","embeddable":true,"href":"https:\/\/www.4itk.de\/shop\/wp-json\/wp\/v2\/product_cat?post=108"},{"taxonomy":"product_tag","embeddable":true,"href":"https:\/\/www.4itk.de\/shop\/wp-json\/wp\/v2\/product_tag?post=108"}],"curies":[{"name":"wp","href":"https:\/\/api.w.org\/{rel}","templated":true}]}}